{"id":370,"date":"2019-03-08T08:56:34","date_gmt":"2019-03-08T07:56:34","guid":{"rendered":"http:\/\/ebikekrakowrental.com.pl\/?page_id=370"},"modified":"2019-09-14T11:29:42","modified_gmt":"2019-09-14T09:29:42","slug":"terms-conditions","status":"publish","type":"page","link":"https:\/\/ebikekrakowrental.com.pl\/?page_id=370&lang=pl","title":{"rendered":"Regulamin wypo\u017cyczalni"},"content":{"rendered":"\n<p style=\"text-align:right\"><strong><a href=\"https:\/\/ebikekrakowrental.com.pl\/?page_id=892\">ENGLISH<\/a><\/strong><\/p>\n\n\n\n<p><\/p>\n\n\n\n<p style=\"text-align:justify\"><strong>Niniejszym\npotwierdzasz swoj\u0105 zgod\u0119 na przetwarzanie danych osobowych: gromadzenie,\nusystematyzowanie, przechowywanie, wyja\u015bnianie (aktualizacja, modyfikacja),\nwykorzystywanie, przekazywanie wy\u0142\u0105cznie w celu rejestracji oprogramowania w\nTwoim imieniu, jak opisano poni\u017cej, blokowanie, depersonalizacja, niszczenie.\nGwarantujemy poufno\u015b\u0107 otrzymywanych informacji. Przetwarzanie danych osobowych\nodbywa si\u0119 w celu skutecznej realizacji zam\u00f3wie\u0144, um\u00f3w i innych zobowi\u0105za\u0144\nprzyj\u0119tych jako wi\u0105\u017c\u0105ce dla Pa\u0144stwa.<\/strong><\/p>\n\n\n\n<p style=\"text-justify:left\"><strong>Zgoda ta\ndotyczy nast\u0119puj\u0105cych danych osobowych: nazwisko, numer telefonu, adres e-mail.<\/strong><\/p>\n\n\n\n<p><strong>Warunki\ni zasady.<\/strong><\/p>\n\n\n\n<p><strong>WYMAGANY KRAJOWY DOW\u00d3D OSOBISTY \/ PRAWO JAZDY LUB PASZPORT<\/strong> <br> dokument jest u nas bezpiecznie przechowywany. <br> do ko\u0144ca okresu wynajmu.<\/p>\n\n\n\n<p><strong>UBEZPIECZENIE<\/strong><br>Nasza firma posiada ubezpieczenie od odpowiedzialno\u015bci cywilnej, ale na \u017cyczenie mo\u017cesz wykupi\u0107 ubezpieczenie na pokrycie szk\u00f3d w zdrowiu i uszkodzeniach roweru w cenie tylko 12 PLN za osob\u0119\/ za dzie\u0144.<\/p>\n\n\n\n<p style=\"text-align:justify\"><strong>1.\nKlient wyra\u017anie o\u015bwiadcza, \u017ce otrzymuje rower w doskona\u0142ym stanie i zobowi\u0105zuje\nsi\u0119 zwr\u00f3ci\u0107 go r\u00f3wnie\u017c w doskona\u0142ym stanie. Przy zwrocie roweru pracownik wypo\u017cyczalni\nrower\u00f3w elektrycznych wraz z klientem sprawdzi wypo\u017cyczony rower, a klient w przypadku uszkodzenia roweru\nzobowi\u0105zuje si\u0119 do pokrycia koszt\u00f3w naprawy got\u00f3wk\u0105 lub wyra\u017ca zgod\u0119 na obci\u0105\u017cenie tymi kosztami karty kredytowej klienta.<\/strong><\/p>\n\n\n\n<p style=\"text-align:justify\"><strong>2.\nWypo\u017cyczony rower b\u0119dzie u\u017cywany wy\u0142\u0105cznie przez osob\u0119 podpisuj\u0105c\u0105 umow\u0119 najmu,\nkt\u00f3ra wyra\u017anie zobowi\u0105zuje si\u0119 do ponoszenia odpowiedzialno\u015bci za szkody lub\nkary, kt\u00f3re mog\u0105 by\u0107 spowodowane nawet przez inn\u0105 osob\u0119 korzystaj\u0105c\u0105 z roweru,(\ninn\u0105 ni\u017c osoba wypo\u017cyczaj\u0105ca rower ).<\/strong><\/p>\n\n\n\n<p style=\"text-align:justify\"><strong>3.\nKlient zobowi\u0105zuje si\u0119 wyra\u017anie do korzystania z roweru z pe\u0142nym poszanowaniem\nnorm i kodeks\u00f3w ruchu drogowego oraz do przestrzegania przepis\u00f3w prawa\ncywilnego, na podstawie kt\u00f3rych zostanie na\u0142o\u017cona kara pieni\u0119\u017cna w przypadku\nnieprzestrzegania tych przepis\u00f3w.<\/strong><\/p>\n\n\n\n<p style=\"text-align:justify\"><strong>4.\nZabrania si\u0119 wypo\u017cyczania rower\u00f3w osobom niepe\u0142noletnim, chyba \u017ce osoba powy\u017cej\n18 roku \u017cycia ponosi odpowiedzialno\u015b\u0107 za zap\u0142at\u0119 za czas wypo\u017cyczenia, og\u00f3lne\nuszkodzenie lub uszkodzenie sprz\u0119tu, kary lub grzywny, kt\u00f3re mog\u0105 wynika\u0107 z\nu\u017cytkowania roweru przez osob\u0119 niepe\u0142noletni\u0105.<\/strong><\/p>\n\n\n\n<p style=\"text-align:justify\"><strong>Zabrania\nsi\u0119 wypo\u017cyczania rower\u00f3w osobom znajduj\u0105cym si\u0119 pod wp\u0142ywem alkoholu lub\nnarkotyk\u00f3w. Klient wyra\u017anie zobowi\u0105zuje si\u0119 nie korzysta\u0107 z wypo\u017cyczonych\nrower\u00f3w, je\u015bli pi\u0142 alkohol lub za\u017cywa\u0142 nadmiar \u015brodk\u00f3w odurzaj\u0105cych (przez\n&#8222;nadmiar&#8221; rozumie si\u0119: ilo\u015b\u0107 przekraczaj\u0105c\u0105 ustawowy limit ustalony\ndla pojazd\u00f3w mechanicznych. Klient zobowi\u0105zuje si\u0119 odpowiada\u0107 za wszelkie\nkonsekwencje prawne lub ekonomiczne, kt\u00f3re mog\u0105 powsta\u0107 w przypadku nieprzestrzegania\ntej normy.<\/strong><\/p>\n\n\n\n<p style=\"text-align:justify\"><strong>5.\nWypo\u017cyczony rower nie mo\u017ce by\u0107 u\u017cywany do przewozu wi\u0119kszej liczby os\u00f3b, ani do\nprzewozu zwierz\u0105t, ani ci\u0119\u017ckich materia\u0142\u00f3w. Nie mo\u017ce by\u0107 u\u017cywany ani do\nholowania w\u00f3zk\u00f3w, ani \u017cadnego rodzaju pojazd\u00f3w, a tak\u017ce surowo zabrania si\u0119\ntransportu towar\u00f3w lub materia\u0142\u00f3w \u0142atwopalnych, wybuchowych lub \u017cr\u0105cych oraz\nog\u00f3lnie transportu jakichkolwiek niebezpiecznych lub toksycznych substancji.<\/strong><\/p>\n\n\n\n<p style=\"text-align:justify\"><strong>6.\nSurowo zabrania si\u0119 u\u017cywania wypo\u017cyczonych rower\u00f3w elektrycznych do wy\u015bcig\u00f3w\nlub zawod\u00f3w jakiegokolwiek rodzaju.<\/strong><\/p>\n\n\n\n<p><strong>Odpowiedzialno\u015b\u0107\ni koszty zaniedba\u0144<\/strong><\/p>\n\n\n\n<p style=\"text-align:justify\"><strong>7.\nKlient zobowi\u0105zuje si\u0119 do zwrotu wypo\u017cyczonego roweru w uzgodnionym miejscu i\nczasie. W ka\u017cdym przypadku mo\u017cna uzgodni\u0107 30 minut okresu uprzejmo\u015bci, po tym\nokresie e-Bike Rental mo\u017ce obci\u0105\u017cy\u0107 klienta kwot\u0105: \u20ac5 za godzin\u0119 op\u00f3\u017anienia w\nzwrocie roweru, \u20ac20 je\u015bli rower zostanie zwr\u00f3cony nast\u0119pnego dnia (w czasie\nkr\u00f3tszym ni\u017c 24 godziny op\u00f3\u017anienia).<\/strong><\/p>\n\n\n\n<p style=\"text-align:justify\"><strong>Klient\nupowa\u017cnia wypo\u017cyczalni\u0119 rower\u00f3w elektrycznych do obci\u0105\u017cenia odpowiedniej kwoty\nz powodu op\u00f3\u017anienia na jego karcie kredytowej.<\/strong><\/p>\n\n\n\n<p style=\"text-align:justify\"><strong>Wypo\u017cyczalnia\nrower\u00f3w elektrycznych nie zwraca \u017cadnej kwoty, je\u015bli rower zostanie zwr\u00f3cony\nprzed up\u0142ywem uzgodnionego terminu w umowie najmu, op\u0142aconych godzin lub dni, a\nklient nie wykorzysta\u0142 roweru.<\/strong><\/p>\n\n\n\n<p style=\"text-align:justify\"><strong>8.\nKlient wyra\u017anie zobowi\u0105zuje si\u0119 do starannej opieki nad wypo\u017cyczonym rowerem,\nzablokowania go w odpowiednim i bezpiecznym miejscu, a w przypadku kradzie\u017cy\nmusi niezw\u0142ocznie poinformowa\u0107 o tym wypo\u017cyczalni\u0119 rower\u00f3w elektrycznych.<\/strong><\/p>\n\n\n\n<p style=\"text-align:justify\"><strong>9.\nJe\u017celi rower ulegnie wypadkowi, klient, u\u017cytkownik roweru, ponosi bezpo\u015bredni\u0105\ni wyra\u017an\u0105 odpowiedzialno\u015b\u0107 za wszelkie szkody osobowe lub materialne poniesione\nprzez siebie i\/lub osoby trzecie. Wypo\u017cyczalnia rower\u00f3w elektrycznych jest\nca\u0142kowicie zwolniona z wszelkiej odpowiedzialno\u015bci, kt\u00f3ra mo\u017ce wynika\u0107 z\nwypadku, w kt\u00f3rym uczestniczy\u0142 wypo\u017cyczony rower. W przypadku, gdy\nwypo\u017cyczalnia rower\u00f3w elektronicznych musi odpowiedzie\u0107 za wspomniane szkody\nosobom trzecim, wypo\u017cyczalnia rower\u00f3w elektronicznych obci\u0105\u017cy tak\u0105 sam\u0105 kwot\u0105\nklienta, kt\u00f3ry pokryje r\u00f3wnie\u017c koszty i op\u0142aty s\u0105dowe, je\u017celi wypo\u017cyczalnia\nrower\u00f3w mia\u0142a miejsce w wyniku wypadku, a wypo\u017cyczalnia rower\u00f3w elektronicznych\nmusi stawi\u0107 si\u0119 na rozpraw\u0119 s\u0105dow\u0105, zar\u00f3wno cywiln\u0105, jak i karn\u0105.<\/strong><\/p>\n\n\n\n<p style=\"text-align:justify\"><strong>10.\nSurowo i wyra\u017anie zabrania si\u0119 zmiany jakichkolwiek cech technicznych pojazdu,\nwyposa\u017cenia, narz\u0119dzi i\/lub akcesori\u00f3w do roweru lub jakiejkolwiek zmiany jego\nwygl\u0105du. Je\u017celi klient nie zastosuje si\u0119 do tej normy, wypo\u017cyczalnia rower\u00f3w\nelektrycznych obci\u0105\u017cy klienta wszystkimi kosztami niezb\u0119dnymi do przywr\u00f3cenia\nroweru do jego pierwotnego wygl\u0105du\/funkcji oraz obci\u0105\u017cy go rekompensat\u0105 w\nwysoko\u015bci r\u00f3wnej liczbie dni, w ci\u0105gu kt\u00f3rych rower nie b\u0119dzie dost\u0119pny do\neksploatacji z powodu napraw.<\/strong><\/p>\n\n\n\n<p style=\"text-align:justify\"><strong>11.\nWypo\u017cyczalnia rower\u00f3w elektrycznych jest wyra\u017anie upowa\u017cniona przez klienta do\nobci\u0105\u017cenia jego karty kredytowej po tym, jak rower zostanie zwr\u00f3cony za\nwszelkie koszty, kary, naprawy lub roszczenia wszelkiego rodzaju, kt\u00f3re\nwypo\u017cyczalnia rower\u00f3w elektrycznych mo\u017ce by\u0107 zmuszona zap\u0142aci\u0107 w zwi\u0105zku z\nkorzystaniem z wypo\u017cyczonego roweru.<\/strong><\/p>\n\n\n\n<p><strong>Waluta\n&#8211; ochrona danych &#8211; Jurysdykcja<\/strong><\/p>\n\n\n\n<p style=\"text-align:justify\"><strong>12.\nWszystkie p\u0142atno\u015bci dokonywane przez osob\u0119 podpisuj\u0105c\u0105 umow\u0119 b\u0119d\u0105 zawsze\nwyra\u017cane w z\u0142otych polskich.<\/strong><\/p>\n\n\n\n<p style=\"text-align:justify\"><strong>13.\nZgodnie z ustaw\u0105 o ochronie danych osobowych obecnie e-Bike Rental informuje,\n\u017ce Twoje dane osobowe, handlowe lub bankowe s\u0105 chronione zgodnie z wszystkimi\nzasadami przechowywania danych sformu\u0142owanymi w wyniku zastosowania PKBR.<\/strong><\/p>\n\n\n\n<p style=\"text-align:justify\"><strong>14. W\ncelu rozwi\u0105zania wszelkich rozbie\u017cno\u015bci dotycz\u0105cych interpretacji lub\nrealizacji niniejszej umowy, obie strony wyra\u017anie zrzekaj\u0105 si\u0119 swojej\njurysdykcji osobistej i wyra\u017anie wskazuj\u0105 na jurysdykcj\u0119 polskiego s\u0105du i\nprawa.<\/strong><\/p>\n\n\n\n<p><strong>________________________________________<\/strong><\/p>\n\n\n\n<p><strong>POLITYKA\nANULOWANIA<\/strong><\/p>\n\n\n\n<p style=\"text-align:justify\"><strong>&#8211;\nIstnieje mo\u017cliwo\u015b\u0107 anulowania rezerwacji do 48 godzin wcze\u015bniej bez ponoszenia\njakichkolwiek koszt\u00f3w.<\/strong><\/p>\n\n\n\n<p style=\"text-align:justify\"><strong>&#8211;\nAnulowanie rezerwacji w okresie od 48 godzin do 24 godzin przed jej\nrozpocz\u0119ciem kosztuje 50% \u0142\u0105cznego uzgodnionego kosztu. 50% zostanie zwr\u00f3cone.<\/strong><\/p>\n\n\n\n<p style=\"text-align:justify\"><strong>&#8211;\nAnulowanie rezerwacji w ci\u0105gu ostatnich 24 godzin powoduje brak zwrotu zaliczki. Zwrot nie obowi\u0105zuje r\u00f3wnie\u017c w przypadku, gdy osoby, kt\u00f3re zgodzi\u0142y\nsi\u0119 na udzia\u0142 w wycieczce, nie pojawi\u0105 si\u0119 w miejscu wyjazdu.<\/strong><\/p>\n","protected":false},"excerpt":{"rendered":"<p>ENGLISH Niniejszym potwierdzasz swoj\u0105 zgod\u0119 na przetwarzanie danych osobowych: gromadzenie, usystematyzowanie, przechowywanie, wyja\u015bnianie (aktualizacja, modyfikacja), wykorzystywanie, przekazywanie wy\u0142\u0105cznie w celu rejestracji oprogramowania w Twoim imieniu, jak opisano poni\u017cej, blokowanie, depersonalizacja, niszczenie. Gwarantujemy poufno\u015b\u0107 otrzymywanych informacji. Przetwarzanie danych osobowych odbywa si\u0119 w celu skutecznej realizacji zam\u00f3wie\u0144, um\u00f3w i innych zobowi\u0105za\u0144 przyj\u0119tych jako wi\u0105\u017c\u0105ce dla Pa\u0144stwa. Zgoda ta dotyczy nast\u0119puj\u0105cych danych osobowych: nazwisko, numer telefonu, adres e-mail. Warunki i zasady. WYMAGANY KRAJOWY DOW\u00d3D OSOBISTY \/ PRAWO JAZDY LUB PASZPORT dokument jest u nas bezpiecznie przechowywany. do ko\u0144ca okresu wynajmu. UBEZPIECZENIENasza firma posiada ubezpieczenie od odpowiedzialno\u015bci cywilnej, ale na \u017cyczenie mo\u017cesz wykupi\u0107 ubezpieczenie na pokrycie szk\u00f3d w zdrowiu i uszkodzeniach roweru w cenie tylko 12 PLN za osob\u0119\/ za dzie\u0144. 1. Klient wyra\u017anie o\u015bwiadcza, \u017ce otrzymuje rower w doskona\u0142ym stanie i zobowi\u0105zuje si\u0119 zwr\u00f3ci\u0107 go r\u00f3wnie\u017c w doskona\u0142ym stanie. Przy zwrocie roweru pracownik wypo\u017cyczalni rower\u00f3w elektrycznych wraz z klientem sprawdzi wypo\u017cyczony rower, a&hellip;<\/p>\n<p> <a class=\"more-link\" href=\"https:\/\/ebikekrakowrental.com.pl\/?page_id=370&#038;lang=pl\">Dowiedz si\u0119 wi\u0119cej<\/a><\/p>\n","protected":false},"author":1,"featured_media":0,"parent":0,"menu_order":0,"comment_status":"closed","ping_status":"closed","template":"","meta":{"footnotes":""},"_links":{"self":[{"href":"https:\/\/ebikekrakowrental.com.pl\/index.php?rest_route=\/wp\/v2\/pages\/370"}],"collection":[{"href":"https:\/\/ebikekrakowrental.com.pl\/index.php?rest_route=\/wp\/v2\/pages"}],"about":[{"href":"https:\/\/ebikekrakowrental.com.pl\/index.php?rest_route=\/wp\/v2\/types\/page"}],"author":[{"embeddable":true,"href":"https:\/\/ebikekrakowrental.com.pl\/index.php?rest_route=\/wp\/v2\/users\/1"}],"replies":[{"embeddable":true,"href":"https:\/\/ebikekrakowrental.com.pl\/index.php?rest_route=%2Fwp%2Fv2%2Fcomments&post=370"}],"version-history":[{"count":8,"href":"https:\/\/ebikekrakowrental.com.pl\/index.php?rest_route=\/wp\/v2\/pages\/370\/revisions"}],"predecessor-version":[{"id":1006,"href":"https:\/\/ebikekrakowrental.com.pl\/index.php?rest_route=\/wp\/v2\/pages\/370\/revisions\/1006"}],"wp:attachment":[{"href":"https:\/\/ebikekrakowrental.com.pl\/index.php?rest_route=%2Fwp%2Fv2%2Fmedia&parent=370"}],"curies":[{"name":"wp","href":"https:\/\/api.w.org\/{rel}","templated":true}]}}