{"id":5,"date":"2019-02-26T21:31:40","date_gmt":"2019-02-26T21:31:40","guid":{"rendered":"http:\/\/ebikekrakowrental.com.pl\/?page_id=5"},"modified":"2019-04-15T10:26:50","modified_gmt":"2019-04-15T08:26:50","slug":"o-nas","status":"publish","type":"page","link":"https:\/\/ebikekrakowrental.com.pl\/?page_id=5&lang=pl","title":{"rendered":"O nas"},"content":{"rendered":"\n<p align=\"justify\"><strong>Jeste\u015bmy entuzjastami naszego pi\u0119knego miasta i chcemy\npodzieli\u0107 si\u0119 nasz\u0105 pasj\u0105 z ka\u017cdym, kto chce je zwiedza\u0107. Stworzyli\u015bmy\nnajwi\u0119ksz\u0105 wypo\u017cyczalni\u0119 rower\u00f3w elektrycznych w obr\u0119bie Starego Miasta, bo\njeste\u015bmy pewni, \u017ce w Krakowie jest o wiele wi\u0119cej do pokazania ni\u017c tylko Rynek\nG\u0142\u00f3wny. Nasze e-rowery pozwol\u0105 Ci zobaczy\u0107 wi\u0119cej w szybki i wygodny spos\u00f3b, z\n\u0142atwo\u015bci\u0105 przenosz\u0105c si\u0119 z miejsca na miejsce. Je\u015bli chcesz zobaczy\u0107 pi\u0119kn\u0105\npanoram\u0119 miasta lub pojecha\u0107 wzd\u0142u\u017c Wis\u0142y do opactwa Benedyktyn\u00f3w, odezwij si\u0119\ndo nas.<\/strong><\/p>\n\n\n\n<p align=\"justify\"><strong>Zwyk\u0142a wycieczka nie da Ci tyle przyjemno\u015bci i nie pozwoli\nCi tak dog\u0142\u0119bnie pozna\u0107 Krakowa. Z najpopularniejszych miejsc takich jak Rynek\nG\u0142\u00f3wny czy Kazimierz trafisz na szczyt majestatycznego kopca by obejrze\u0107\npanoram\u0119 miasta. Je\u015bli jeste\u015b fanem wina zabierzemy Ci\u0119 do klasztoru Kamedu\u0142\u00f3w\n\u2013 jednej z najwi\u0119kszych winnic w Polsce, kt\u00f3rej historia si\u0119ga X wieku.. To\ntutaj spotyk a si\u0119 historia krakowskiej uprawy winoro\u015bli i zakonna tradycja\nwyrobu wina. A je\u015bli po upalnym dniu chcesz pop\u0142ywa\u0107 w podmiejskim jeziorze, z\nch\u0119ci\u0105 poka\u017cemy Ci drog\u0119. Je\u015bli opowiesz nam o sobie troch\u0119 wi\u0119cej, znajdziemy\ntras\u0119 najlepsz\u0105 dla Ciebie i Twoich przyjaci\u00f3\u0142.<\/strong><\/p>\n\n\n\n<p align=\"justify\"><strong>Mo\u017cemy Ci zaoferowa\u0107 r\u00f3\u017cne trasy w zale\u017cno\u015bci od tego ile masz czasu i co sprawia Ci rado\u015b\u0107: klasyczne p\u00f3\u0142 dnia w centrum z dzielnic\u0105 \u017cydowsk\u0105 i najwi\u0119ksz\u0105 miejsk\u0105 \u0142\u0105k\u0105; wzd\u0142u\u017c Wis\u0142y do opactwa w Ty\u0144cu z wizyt\u0105 w klasztorze; w stron\u0119 wzg\u00f3rz Kamedu\u0142\u00f3w i pi\u0119knych winnic; do jednego z najwy\u017cszych punkt\u00f3w widokowych na Kopcu Krakusa; z refleksyjn\u0105 wizyt\u0105 w by\u0142ym nazistowskim obozie koncentracyjnym.<\/strong><\/p>\n\n\n\n<p style=\"text-align:center\"><strong>Jedyne co musisz wzi\u0105\u0107 ze sob\u0105 to wygodne ubranie i u\u015bmiech.<\/strong><\/p>\n\n\n\n<p style=\"text-align:center\"><strong>Zapraszamy na smaczne sch\u0142odzone piwo podczas wizyty.<\/strong><\/p>\n","protected":false},"excerpt":{"rendered":"<p>Jeste\u015bmy entuzjastami naszego pi\u0119knego miasta i chcemy podzieli\u0107 si\u0119 nasz\u0105 pasj\u0105 z ka\u017cdym, kto chce je zwiedza\u0107. Stworzyli\u015bmy najwi\u0119ksz\u0105 wypo\u017cyczalni\u0119 rower\u00f3w elektrycznych w obr\u0119bie Starego Miasta, bo jeste\u015bmy pewni, \u017ce w Krakowie jest o wiele wi\u0119cej do pokazania ni\u017c tylko Rynek G\u0142\u00f3wny. Nasze e-rowery pozwol\u0105 Ci zobaczy\u0107 wi\u0119cej w szybki i wygodny spos\u00f3b, z \u0142atwo\u015bci\u0105 przenosz\u0105c si\u0119 z miejsca na miejsce. Je\u015bli chcesz zobaczy\u0107 pi\u0119kn\u0105 panoram\u0119 miasta lub pojecha\u0107 wzd\u0142u\u017c Wis\u0142y do opactwa Benedyktyn\u00f3w, odezwij si\u0119 do nas. Zwyk\u0142a wycieczka nie da Ci tyle przyjemno\u015bci i nie pozwoli Ci tak dog\u0142\u0119bnie pozna\u0107 Krakowa. Z najpopularniejszych miejsc takich jak Rynek G\u0142\u00f3wny czy Kazimierz trafisz na szczyt majestatycznego kopca by obejrze\u0107 panoram\u0119 miasta. Je\u015bli jeste\u015b fanem wina zabierzemy Ci\u0119 do klasztoru Kamedu\u0142\u00f3w \u2013 jednej z najwi\u0119kszych winnic w Polsce, kt\u00f3rej historia si\u0119ga X wieku.. To tutaj spotyk a si\u0119 historia krakowskiej uprawy winoro\u015bli i zakonna tradycja wyrobu wina. A je\u015bli po upalnym&hellip;<\/p>\n<p> <a class=\"more-link\" href=\"https:\/\/ebikekrakowrental.com.pl\/?page_id=5&#038;lang=pl\">Dowiedz si\u0119 wi\u0119cej<\/a><\/p>\n","protected":false},"author":1,"featured_media":0,"parent":0,"menu_order":0,"comment_status":"closed","ping_status":"closed","template":"","meta":{"footnotes":""},"_links":{"self":[{"href":"https:\/\/ebikekrakowrental.com.pl\/index.php?rest_route=\/wp\/v2\/pages\/5"}],"collection":[{"href":"https:\/\/ebikekrakowrental.com.pl\/index.php?rest_route=\/wp\/v2\/pages"}],"about":[{"href":"https:\/\/ebikekrakowrental.com.pl\/index.php?rest_route=\/wp\/v2\/types\/page"}],"author":[{"embeddable":true,"href":"https:\/\/ebikekrakowrental.com.pl\/index.php?rest_route=\/wp\/v2\/users\/1"}],"replies":[{"embeddable":true,"href":"https:\/\/ebikekrakowrental.com.pl\/index.php?rest_route=%2Fwp%2Fv2%2Fcomments&post=5"}],"version-history":[{"count":9,"href":"https:\/\/ebikekrakowrental.com.pl\/index.php?rest_route=\/wp\/v2\/pages\/5\/revisions"}],"predecessor-version":[{"id":814,"href":"https:\/\/ebikekrakowrental.com.pl\/index.php?rest_route=\/wp\/v2\/pages\/5\/revisions\/814"}],"wp:attachment":[{"href":"https:\/\/ebikekrakowrental.com.pl\/index.php?rest_route=%2Fwp%2Fv2%2Fmedia&parent=5"}],"curies":[{"name":"wp","href":"https:\/\/api.w.org\/{rel}","templated":true}]}}