{"id":7,"date":"2019-02-26T21:31:40","date_gmt":"2019-02-26T21:31:40","guid":{"rendered":"http:\/\/ebikekrakowrental.com.pl\/?page_id=7"},"modified":"2020-05-15T06:31:35","modified_gmt":"2020-05-15T04:31:35","slug":"oferta","status":"publish","type":"page","link":"https:\/\/ebikekrakowrental.com.pl\/?page_id=7&lang=pl","title":{"rendered":"Oferta"},"content":{"rendered":"\n<p style=\"color:#129e00;font-size:24px;text-align:center\" class=\"has-text-color\"><strong>Zapraszamy do zapoznania si\u0119 z nasz\u0105 ofert\u0105. <\/strong><br><strong><a href=\"https:\/\/ebikekrakowrental.com.pl\/?page_id=9&amp;lang=pl\ufeff\">Zam\u00f3w przez internet otrzymasz 10 % rabatu.<\/a><\/strong><br><br><\/p>\n\n\n\n<p style=\"text-align:center\" class=\"has-text-color has-medium-font-size has-vivid-red-color\"><strong>Polecamy Pa\u0144stwu najem d\u0142ugoterminowy naszych rower\u00f3w oraz mo\u017cliwo\u015b\u0107 wypo\u017cyczenia za wcze\u015bniejszym kontaktem telefonicznym lub mailowym.<\/strong><\/p>\n\n\n\n<ul><li><strong>Wynajem roweru na ca\u0142y dzie\u0144 ( 9:00 &#8211; 19:00 ) &#8211; 80,00 PLN<\/strong><\/li><li><strong>1\/2 dnia ( 6 godz. pomi\u0119dzy 9:00 a 19:00 ) &#8211; 60,00 PLN<\/strong><\/li><li><strong>1 godzina (op\u0142ata za ka\u017cd\u0105 rozpocz\u0119t\u0105 godz.) &#8211; 20,00 PLN<\/strong><\/li><li><strong>Wycieczka z przewodnikiem &#8211; 150,00 PLN \/ 1 osoba<\/strong>  <strong>(trasa do wyboru) <\/strong><\/li><li><strong>Na Pa\u0144stwa \u017cyczenie mo\u017cemy dostarczy\u0107 rowery do Waszego hotelu &#8211; koszt 40,00 PLN za rower lub mo\u017cemy przechowa\u0107 nieodp\u0142atnie pa\u0144stwa baga\u017c w naszej wypo\u017cyczalni.<\/strong><\/li><\/ul>\n\n\n\n<p style=\"color:#129e00\" class=\"has-text-color\">Tu mo\u017cesz zapozna\u0107 si\u0119 z <a href=\"https:\/\/ebikekrakowrental.com.pl\/?page_id=370&amp;lang=pl\"><strong>regulaminem<\/strong><\/a><strong> <\/strong>naszej wypo\u017cyczalni oraz <a href=\"https:\/\/ebikekrakowrental.com.pl\/?page_id=218&amp;lang=pl\"><strong>nasz\u0105 polityk\u0105 prywatno\u015bci.<\/strong><\/a><\/p>\n\n\n\n<div class=\"wp-block-image\"><figure class=\"aligncenter is-resized\"><a href=\"https:\/\/ebikekrakowrental.com.pl\/?page_id=9&amp;lang=pl\"><img loading=\"lazy\" decoding=\"async\" src=\"https:\/\/ebikekrakowrental.com.pl\/wp-content\/uploads\/2019\/04\/ULOTKA-1-606-czarne-litery.jpg\" alt=\"\" class=\"wp-image-749\" width=\"570\" height=\"800\" srcset=\"https:\/\/ebikekrakowrental.com.pl\/wp-content\/uploads\/2019\/04\/ULOTKA-1-606-czarne-litery.jpg 606w, https:\/\/ebikekrakowrental.com.pl\/wp-content\/uploads\/2019\/04\/ULOTKA-1-606-czarne-litery-214x300.jpg 214w\" sizes=\"(max-width: 570px) 100vw, 570px\" \/><\/a><\/figure><\/div>\n\n\n\n<div class=\"wp-block-image\"><figure class=\"aligncenter is-resized\"><a href=\"https:\/\/ebikekrakowrental.com.pl\/?page_id=9&amp;lang=pl\"><img loading=\"lazy\" decoding=\"async\" src=\"https:\/\/ebikekrakowrental.com.pl\/wp-content\/uploads\/2019\/04\/ULOTKA-200Euro-730x1024.jpg\" alt=\"\" class=\"wp-image-831\" width=\"570\" height=\"800\" srcset=\"https:\/\/ebikekrakowrental.com.pl\/wp-content\/uploads\/2019\/04\/ULOTKA-200Euro-730x1024.jpg 730w, https:\/\/ebikekrakowrental.com.pl\/wp-content\/uploads\/2019\/04\/ULOTKA-200Euro-214x300.jpg 214w, https:\/\/ebikekrakowrental.com.pl\/wp-content\/uploads\/2019\/04\/ULOTKA-200Euro-768x1077.jpg 768w, https:\/\/ebikekrakowrental.com.pl\/wp-content\/uploads\/2019\/04\/ULOTKA-200Euro.jpg 1819w\" sizes=\"(max-width: 570px) 100vw, 570px\" \/><\/a><\/figure><\/div>\n\n\n\n<p><\/p>\n\n\n\n<p style=\"font-size:18px\"><strong>W naszej wypo\u017cyczalni oferujemy rowery Geobike model Touring. To nowoczesny rower miejski dla ka\u017cdego. Wygodna konstrukcja i du\u017cy zasi\u0119g jazdy do 50 km sprawiaj\u0105, \u017ce jest to idealny rower na zwiedzanie Krakowa, a tak\u017ce na rekreacyjne wycieczki poza miasto.<\/strong><\/p>\n\n\n\n<p><\/p>\n\n\n\n<div class=\"rl-gallery-container rl-loading\" id=\"rl-gallery-container-1\" data-gallery_id=\"113\"> <div class=\"rl-gallery rl-basicgrid-gallery rl-hover-effect-4\" id=\"rl-gallery-1\" data-gallery_no=\"1\"> <div class=\"rl-gallery-item\"><a href=\"https:\/\/ebikekrakowrental.com.pl\/wp-content\/uploads\/2019\/03\/Touring_1-e1552990318300.jpg\" title=\"\" data-rl_title=\"\" class=\"rl-gallery-link\" data-rl_caption=\"\" data-rel=\"lightbox-gallery-1\"><img loading=\"lazy\" decoding=\"async\" src=\"https:\/\/ebikekrakowrental.com.pl\/wp-content\/uploads\/2019\/03\/Touring_1-300x225.jpg\" width=\"300\" height=\"225\" alt=\"\"\/><\/a><\/div><div class=\"rl-gallery-item\"><a href=\"https:\/\/ebikekrakowrental.com.pl\/wp-content\/uploads\/2019\/03\/Touring_7.jpg\" title=\"\" data-rl_title=\"\" class=\"rl-gallery-link\" data-rl_caption=\"\" data-rel=\"lightbox-gallery-1\"><img loading=\"lazy\" decoding=\"async\" src=\"https:\/\/ebikekrakowrental.com.pl\/wp-content\/uploads\/2019\/03\/Touring_7-225x300.jpg\" width=\"225\" height=\"300\" alt=\"\"\/><\/a><\/div><div class=\"rl-gallery-item\"><a href=\"https:\/\/ebikekrakowrental.com.pl\/wp-content\/uploads\/2019\/03\/Touring_6.jpg\" title=\"\" data-rl_title=\"\" class=\"rl-gallery-link\" data-rl_caption=\"\" data-rel=\"lightbox-gallery-1\"><img loading=\"lazy\" decoding=\"async\" src=\"https:\/\/ebikekrakowrental.com.pl\/wp-content\/uploads\/2019\/03\/Touring_6-300x225.jpg\" width=\"300\" height=\"225\" alt=\"\"\/><\/a><\/div><div class=\"rl-gallery-item\"><a href=\"https:\/\/ebikekrakowrental.com.pl\/wp-content\/uploads\/2019\/03\/Touring_5.jpg\" title=\"\" data-rl_title=\"\" class=\"rl-gallery-link\" data-rl_caption=\"\" data-rel=\"lightbox-gallery-1\"><img loading=\"lazy\" decoding=\"async\" src=\"https:\/\/ebikekrakowrental.com.pl\/wp-content\/uploads\/2019\/03\/Touring_5-300x225.jpg\" width=\"300\" height=\"225\" alt=\"\"\/><\/a><\/div><div class=\"rl-gallery-item\"><a href=\"https:\/\/ebikekrakowrental.com.pl\/wp-content\/uploads\/2019\/03\/Touring_4.jpg\" title=\"\" data-rl_title=\"\" class=\"rl-gallery-link\" data-rl_caption=\"\" data-rel=\"lightbox-gallery-1\"><img loading=\"lazy\" decoding=\"async\" src=\"https:\/\/ebikekrakowrental.com.pl\/wp-content\/uploads\/2019\/03\/Touring_4-300x225.jpg\" width=\"300\" height=\"225\" alt=\"\"\/><\/a><\/div><div class=\"rl-gallery-item\"><a href=\"https:\/\/ebikekrakowrental.com.pl\/wp-content\/uploads\/2019\/03\/Touring_3.jpg\" title=\"\" data-rl_title=\"\" class=\"rl-gallery-link\" data-rl_caption=\"\" data-rel=\"lightbox-gallery-1\"><img loading=\"lazy\" decoding=\"async\" src=\"https:\/\/ebikekrakowrental.com.pl\/wp-content\/uploads\/2019\/03\/Touring_3-300x225.jpg\" width=\"300\" height=\"225\" alt=\"\"\/><\/a><\/div><div class=\"rl-gallery-item\"><a href=\"https:\/\/ebikekrakowrental.com.pl\/wp-content\/uploads\/2019\/03\/Touring_2.jpg\" title=\"\" data-rl_title=\"\" class=\"rl-gallery-link\" data-rl_caption=\"\" data-rel=\"lightbox-gallery-1\"><img loading=\"lazy\" decoding=\"async\" src=\"https:\/\/ebikekrakowrental.com.pl\/wp-content\/uploads\/2019\/03\/Touring_2-300x225.jpg\" width=\"300\" height=\"225\" alt=\"\"\/><\/a><\/div><div class=\"rl-gallery-item\"><a href=\"https:\/\/ebikekrakowrental.com.pl\/wp-content\/uploads\/2019\/03\/image022.jpg\" title=\"\" data-rl_title=\"\" class=\"rl-gallery-link\" data-rl_caption=\"\" data-rel=\"lightbox-gallery-1\"><img loading=\"lazy\" decoding=\"async\" src=\"https:\/\/ebikekrakowrental.com.pl\/wp-content\/uploads\/2019\/03\/image022-300x200.jpg\" width=\"300\" height=\"200\" alt=\"\"\/><\/a><\/div> <\/div> <\/div>\n\n\n\n<ul><li><strong>Lekka aluminiowa rama<\/strong>, wygodna, roz\u0142o\u017cysta kierownica z profilowanymi uchwytami oraz os\u0142ona \u0142a\u0144cucha sprawiaj\u0105, \u017ce wsiadanie oraz jazda takim rowerem b\u0119dzie niezwykle komfortowa.<br><\/li><li><strong>Kontroler z wy\u015bwietlaczem LED<\/strong> zamocowany na kierownicy pozwala sterowa\u0107 wspomaganiem elektrycznym (3 biegi), umo\u017cliwia w\u0142\u0105czanie przedniego i tylnego \u015bwiat\u0142a oraz wskazuje poziom na\u0142adowania baterii.<br><\/li><li>Rower wyposa\u017cony jest w 7-stopniow\u0105&nbsp;<strong>przerzutk\u0119 SHIMANO Tourney 7<\/strong>, kt\u00f3rej prze\u0142o\u017cenia dobieramy za pomoc\u0105 obrotowej manetki zmiany bieg\u00f3w. Dobrze dobrane prze\u0142o\u017cenia i wspomaganie elektrycznego silnika powoduje, \u017ce bez trudu i wysi\u0142ku pokonamy ka\u017cde wzniesienie. <br><\/li><li>Przednie i tylne \u015bwiat\u0142a&nbsp;posiadaj\u0105&nbsp;<strong>\u017car\u00f3wki LED<\/strong>, tylna lampka dodatkowo posiada system podtrzymania napi\u0119cia, kt\u00f3ry powoduje, \u017ce nawet po wy\u0142\u0105czeniu baterii pali si\u0119 jeszcze przez oko\u0142o 4 minuty. Rower posiada&nbsp;<strong>wygodne siod\u0142o i baga\u017cnik,<\/strong>&nbsp;do kt\u00f3rego mo\u017cna przymocowa\u0107 sakwy lub koszyk.<br><\/li><\/ul>\n\n\n\n<p><\/p>\n","protected":false},"excerpt":{"rendered":"<p>Zapraszamy do zapoznania si\u0119 z nasz\u0105 ofert\u0105. Zam\u00f3w przez internet otrzymasz 10 % rabatu. Polecamy Pa\u0144stwu najem d\u0142ugoterminowy naszych rower\u00f3w oraz mo\u017cliwo\u015b\u0107 wypo\u017cyczenia za wcze\u015bniejszym kontaktem telefonicznym lub mailowym. Wynajem roweru na ca\u0142y dzie\u0144 ( 9:00 &#8211; 19:00 ) &#8211; 80,00 PLN 1\/2 dnia ( 6 godz. pomi\u0119dzy 9:00 a 19:00 ) &#8211; 60,00 PLN 1 godzina (op\u0142ata za ka\u017cd\u0105 rozpocz\u0119t\u0105 godz.) &#8211; 20,00 PLN Wycieczka z przewodnikiem &#8211; 150,00 PLN \/ 1 osoba (trasa do wyboru) Na Pa\u0144stwa \u017cyczenie mo\u017cemy dostarczy\u0107 rowery do Waszego hotelu &#8211; koszt 40,00 PLN za rower lub mo\u017cemy przechowa\u0107 nieodp\u0142atnie pa\u0144stwa baga\u017c w naszej wypo\u017cyczalni. Tu mo\u017cesz zapozna\u0107 si\u0119 z regulaminem naszej wypo\u017cyczalni oraz nasz\u0105 polityk\u0105 prywatno\u015bci. W naszej wypo\u017cyczalni oferujemy rowery Geobike model Touring. To nowoczesny rower miejski dla ka\u017cdego. Wygodna konstrukcja i du\u017cy zasi\u0119g jazdy do 50 km sprawiaj\u0105, \u017ce jest to idealny rower na zwiedzanie Krakowa, a tak\u017ce na rekreacyjne wycieczki&hellip;<\/p>\n<p> <a class=\"more-link\" href=\"https:\/\/ebikekrakowrental.com.pl\/?page_id=7&#038;lang=pl\">Dowiedz si\u0119 wi\u0119cej<\/a><\/p>\n","protected":false},"author":1,"featured_media":334,"parent":0,"menu_order":0,"comment_status":"open","ping_status":"closed","template":"","meta":{"footnotes":""},"_links":{"self":[{"href":"https:\/\/ebikekrakowrental.com.pl\/index.php?rest_route=\/wp\/v2\/pages\/7"}],"collection":[{"href":"https:\/\/ebikekrakowrental.com.pl\/index.php?rest_route=\/wp\/v2\/pages"}],"about":[{"href":"https:\/\/ebikekrakowrental.com.pl\/index.php?rest_route=\/wp\/v2\/types\/page"}],"author":[{"embeddable":true,"href":"https:\/\/ebikekrakowrental.com.pl\/index.php?rest_route=\/wp\/v2\/users\/1"}],"replies":[{"embeddable":true,"href":"https:\/\/ebikekrakowrental.com.pl\/index.php?rest_route=%2Fwp%2Fv2%2Fcomments&post=7"}],"version-history":[{"count":49,"href":"https:\/\/ebikekrakowrental.com.pl\/index.php?rest_route=\/wp\/v2\/pages\/7\/revisions"}],"predecessor-version":[{"id":1011,"href":"https:\/\/ebikekrakowrental.com.pl\/index.php?rest_route=\/wp\/v2\/pages\/7\/revisions\/1011"}],"wp:featuredmedia":[{"embeddable":true,"href":"https:\/\/ebikekrakowrental.com.pl\/index.php?rest_route=\/wp\/v2\/media\/334"}],"wp:attachment":[{"href":"https:\/\/ebikekrakowrental.com.pl\/index.php?rest_route=%2Fwp%2Fv2%2Fmedia&parent=7"}],"curies":[{"name":"wp","href":"https:\/\/api.w.org\/{rel}","templated":true}]}}